{"id":1192,"date":"2022-10-04T09:21:08","date_gmt":"2022-10-04T07:21:08","guid":{"rendered":"http:\/\/emr-skills4you.eu\/news\/"},"modified":"2022-10-04T12:46:57","modified_gmt":"2022-10-04T10:46:57","slug":"actualites","status":"publish","type":"page","link":"https:\/\/emr-skills4you.eu\/fr\/actualites\/","title":{"rendered":"Actualit\u00e9s"},"content":{"rendered":"\t\t<div data-elementor-type=\"wp-page\" data-elementor-id=\"1192\" class=\"elementor elementor-1192 elementor-1166\" data-elementor-post-type=\"page\">\n\t\t\t\t\t\t<section class=\"elementor-section elementor-top-section elementor-element elementor-element-88dd38a elementor-section-stretched elementor-section-boxed elementor-section-height-default elementor-section-height-default\" data-id=\"88dd38a\" data-element_type=\"section\" data-e-type=\"section\" data-settings=\"{&quot;stretch_section&quot;:&quot;section-stretched&quot;,&quot;background_background&quot;:&quot;classic&quot;}\">\n\t\t\t\t\t\t<div class=\"elementor-container elementor-column-gap-default\">\n\t\t\t\t\t<div class=\"elementor-column elementor-col-100 elementor-top-column elementor-element elementor-element-8989c49\" data-id=\"8989c49\" data-element_type=\"column\" data-e-type=\"column\" data-settings=\"{&quot;background_background&quot;:&quot;classic&quot;}\">\n\t\t\t<div class=\"elementor-widget-wrap elementor-element-populated\">\n\t\t\t\t\t\t<div class=\"elementor-element elementor-element-8381bec maxwidthbox elementor-widget elementor-widget-heading\" data-id=\"8381bec\" data-element_type=\"widget\" data-e-type=\"widget\" data-widget_type=\"heading.default\">\n\t\t\t\t<div class=\"elementor-widget-container\">\n\t\t\t\t\t<h1 class=\"elementor-heading-title elementor-size-default\">Derni\u00e8res nouvelles<\/h1>\t\t\t\t<\/div>\n\t\t\t\t<\/div>\n\t\t\t\t\t<\/div>\n\t\t<\/div>\n\t\t\t\t\t<\/div>\n\t\t<\/section>\n\t\t\t\t<section class=\"elementor-section elementor-top-section elementor-element elementor-element-a01a9bd elementor-section-height-min-height elementor-section-items-top elementor-section-boxed elementor-section-height-default\" data-id=\"a01a9bd\" data-element_type=\"section\" data-e-type=\"section\">\n\t\t\t\t\t\t<div class=\"elementor-container elementor-column-gap-default\">\n\t\t\t\t\t<div class=\"elementor-column elementor-col-100 elementor-top-column elementor-element elementor-element-9bf99a6\" data-id=\"9bf99a6\" data-element_type=\"column\" data-e-type=\"column\">\n\t\t\t<div class=\"elementor-widget-wrap elementor-element-populated\">\n\t\t\t\t\t\t<div class=\"elementor-element elementor-element-2c99457 elementor-grid-3 elementor-grid-tablet-2 elementor-grid-mobile-1 elementor-posts--thumbnail-top elementor-widget elementor-widget-posts\" data-id=\"2c99457\" data-element_type=\"widget\" data-e-type=\"widget\" data-settings=\"{&quot;classic_row_gap&quot;:{&quot;unit&quot;:&quot;px&quot;,&quot;size&quot;:30,&quot;sizes&quot;:[]},&quot;pagination_type&quot;:&quot;numbers&quot;,&quot;classic_columns&quot;:&quot;3&quot;,&quot;classic_columns_tablet&quot;:&quot;2&quot;,&quot;classic_columns_mobile&quot;:&quot;1&quot;,&quot;classic_row_gap_tablet_extra&quot;:{&quot;unit&quot;:&quot;px&quot;,&quot;size&quot;:&quot;&quot;,&quot;sizes&quot;:[]},&quot;classic_row_gap_tablet&quot;:{&quot;unit&quot;:&quot;px&quot;,&quot;size&quot;:&quot;&quot;,&quot;sizes&quot;:[]},&quot;classic_row_gap_mobile&quot;:{&quot;unit&quot;:&quot;px&quot;,&quot;size&quot;:&quot;&quot;,&quot;sizes&quot;:[]}}\" data-widget_type=\"posts.classic\">\n\t\t\t\t<div class=\"elementor-widget-container\">\n\t\t\t\t\t\t\t<div class=\"elementor-posts-container elementor-posts elementor-posts--skin-classic elementor-grid\">\n\t\t\t\t<article class=\"elementor-post elementor-grid-item post-2247 news-article type-news-article status-publish has-post-thumbnail hentry\">\n\t\t\t\t<a class=\"elementor-post__thumbnail__link\" href=\"https:\/\/emr-skills4you.eu\/fr\/news-article\/kupla-quizz-un-jeu-educatif-multilingue-gratuit-et-personnalisable\/\" tabindex=\"-1\" >\n\t\t\t<div class=\"elementor-post__thumbnail\"><img fetchpriority=\"high\" decoding=\"async\" width=\"800\" height=\"450\" src=\"https:\/\/emr-skills4you.eu\/wp-content\/uploads\/2023\/11\/Header-Logo-1024x576.png\" class=\"attachment-large size-large wp-image-2223\" alt=\"\" srcset=\"https:\/\/emr-skills4you.eu\/wp-content\/uploads\/2023\/11\/Header-Logo-1024x576.png 1024w, https:\/\/emr-skills4you.eu\/wp-content\/uploads\/2023\/11\/Header-Logo-300x169.png 300w, https:\/\/emr-skills4you.eu\/wp-content\/uploads\/2023\/11\/Header-Logo-768x432.png 768w, https:\/\/emr-skills4you.eu\/wp-content\/uploads\/2023\/11\/Header-Logo-1536x864.png 1536w, https:\/\/emr-skills4you.eu\/wp-content\/uploads\/2023\/11\/Header-Logo-2048x1152.png 2048w\" sizes=\"(max-width: 800px) 100vw, 800px\" \/><\/div>\n\t\t<\/a>\n\t\t\t\t<div class=\"elementor-post__text\">\n\t\t\t\t<h2 class=\"elementor-post__title\">\n\t\t\t<a href=\"https:\/\/emr-skills4you.eu\/fr\/news-article\/kupla-quizz-un-jeu-educatif-multilingue-gratuit-et-personnalisable\/\" >\n\t\t\t\tKupla Quizz : un jeu \u00e9ducatif multilingue, gratuit et personnalisable.\t\t\t<\/a>\n\t\t<\/h2>\n\t\t\t\t<div class=\"elementor-post__meta-data\">\n\t\t\t\t\t<span class=\"elementor-post-date\">\n\t\t\t27 novembre 2023\t\t<\/span>\n\t\t\t\t<\/div>\n\t\t\t\t<div class=\"elementor-post__excerpt\">\n\t\t\t<p>Le Centre de Coop\u00e9ration Technique et P\u00e9dagogique (CeCoTePe) a l\u2019honneur de vous annoncer la sortie de Kupla Quizz, un jeu de l\u2019oie num\u00e9rique, \u00e9ducatif, multijoueur<\/p>\n\t\t<\/div>\n\t\t\t\t\t<div class=\"elementor-post__read-more-wrapper\">\n\t\t\n\t\t<a class=\"elementor-post__read-more\" href=\"https:\/\/emr-skills4you.eu\/fr\/news-article\/kupla-quizz-un-jeu-educatif-multilingue-gratuit-et-personnalisable\/\" aria-label=\"Read more about Kupla Quizz : un jeu \u00e9ducatif multilingue, gratuit et personnalisable.\" tabindex=\"-1\" >\n\t\t\tLire la suite\t\t<\/a>\n\n\t\t\t\t\t<\/div>\n\t\t\t\t<\/div>\n\t\t\t\t<\/article>\n\t\t\t\t<article class=\"elementor-post elementor-grid-item post-2214 news-article type-news-article status-publish has-post-thumbnail hentry\">\n\t\t\t\t<a class=\"elementor-post__thumbnail__link\" href=\"https:\/\/emr-skills4you.eu\/fr\/news-article\/e-learning-creation-de-podcasts-video\/\" tabindex=\"-1\" >\n\t\t\t<div class=\"elementor-post__thumbnail\"><img decoding=\"async\" width=\"800\" height=\"450\" src=\"https:\/\/emr-skills4you.eu\/wp-content\/uploads\/2023\/11\/newsletter-17-header-1024x576.jpg\" class=\"attachment-large size-large wp-image-2211\" alt=\"\" srcset=\"https:\/\/emr-skills4you.eu\/wp-content\/uploads\/2023\/11\/newsletter-17-header-1024x576.jpg 1024w, https:\/\/emr-skills4you.eu\/wp-content\/uploads\/2023\/11\/newsletter-17-header-300x169.jpg 300w, https:\/\/emr-skills4you.eu\/wp-content\/uploads\/2023\/11\/newsletter-17-header-768x432.jpg 768w, https:\/\/emr-skills4you.eu\/wp-content\/uploads\/2023\/11\/newsletter-17-header-1536x864.jpg 1536w, https:\/\/emr-skills4you.eu\/wp-content\/uploads\/2023\/11\/newsletter-17-header-2048x1152.jpg 2048w\" sizes=\"(max-width: 800px) 100vw, 800px\" \/><\/div>\n\t\t<\/a>\n\t\t\t\t<div class=\"elementor-post__text\">\n\t\t\t\t<h2 class=\"elementor-post__title\">\n\t\t\t<a href=\"https:\/\/emr-skills4you.eu\/fr\/news-article\/e-learning-creation-de-podcasts-video\/\" >\n\t\t\t\tE-learning \u00ab Cr\u00e9ation de podcasts vid\u00e9o \u00bb\t\t\t<\/a>\n\t\t<\/h2>\n\t\t\t\t<div class=\"elementor-post__meta-data\">\n\t\t\t\t\t<span class=\"elementor-post-date\">\n\t\t\t24 novembre 2023\t\t<\/span>\n\t\t\t\t<\/div>\n\t\t\t\t<div class=\"elementor-post__excerpt\">\n\t\t\t<p>Utiliser des s\u00e9quences vid\u00e9o dans le cadre de vos cours peut s\u2019av\u00e9rer tr\u00e8s utile pour vos \u00e9tudiants.\u00a0Pour r\u00e9aliser des s\u00e9quences vid\u00e9o de qualit\u00e9, vous devez<\/p>\n\t\t<\/div>\n\t\t\t\t\t<div class=\"elementor-post__read-more-wrapper\">\n\t\t\n\t\t<a class=\"elementor-post__read-more\" href=\"https:\/\/emr-skills4you.eu\/fr\/news-article\/e-learning-creation-de-podcasts-video\/\" aria-label=\"Read more about E-learning \u00ab Cr\u00e9ation de podcasts vid\u00e9o \u00bb\" tabindex=\"-1\" >\n\t\t\tLire la suite\t\t<\/a>\n\n\t\t\t\t\t<\/div>\n\t\t\t\t<\/div>\n\t\t\t\t<\/article>\n\t\t\t\t<article class=\"elementor-post elementor-grid-item post-2202 news-article type-news-article status-publish has-post-thumbnail hentry\">\n\t\t\t\t<a class=\"elementor-post__thumbnail__link\" href=\"https:\/\/emr-skills4you.eu\/fr\/news-article\/les-enregistrements-de-nos-webinaires-sont-disponibles-en-ligne\/\" tabindex=\"-1\" >\n\t\t\t<div class=\"elementor-post__thumbnail\"><img decoding=\"async\" width=\"800\" height=\"400\" src=\"https:\/\/emr-skills4you.eu\/wp-content\/uploads\/2023\/11\/Webinaires-FR-1024x512.png\" class=\"attachment-large size-large wp-image-2196\" alt=\"\" srcset=\"https:\/\/emr-skills4you.eu\/wp-content\/uploads\/2023\/11\/Webinaires-FR-1024x512.png 1024w, https:\/\/emr-skills4you.eu\/wp-content\/uploads\/2023\/11\/Webinaires-FR-300x150.png 300w, https:\/\/emr-skills4you.eu\/wp-content\/uploads\/2023\/11\/Webinaires-FR-768x384.png 768w, https:\/\/emr-skills4you.eu\/wp-content\/uploads\/2023\/11\/Webinaires-FR-1536x768.png 1536w, https:\/\/emr-skills4you.eu\/wp-content\/uploads\/2023\/11\/Webinaires-FR.png 2000w\" sizes=\"(max-width: 800px) 100vw, 800px\" \/><\/div>\n\t\t<\/a>\n\t\t\t\t<div class=\"elementor-post__text\">\n\t\t\t\t<h2 class=\"elementor-post__title\">\n\t\t\t<a href=\"https:\/\/emr-skills4you.eu\/fr\/news-article\/les-enregistrements-de-nos-webinaires-sont-disponibles-en-ligne\/\" >\n\t\t\t\tLes enregistrements de nos webinaires sont disponibles en ligne!\t\t\t<\/a>\n\t\t<\/h2>\n\t\t\t\t<div class=\"elementor-post__meta-data\">\n\t\t\t\t\t<span class=\"elementor-post-date\">\n\t\t\t23 novembre 2023\t\t<\/span>\n\t\t\t\t<\/div>\n\t\t\t\t<div class=\"elementor-post__excerpt\">\n\t\t\t<p>Vous auriez voulu suivre nos derniers webinars en direct mais vous n\u2019avez pas pu y participer?\u00a0 Pas d\u2019inqui\u00e9tude! Tous nos webinaires sont d\u00e9sormais disponibles sur<\/p>\n\t\t<\/div>\n\t\t\t\t\t<div class=\"elementor-post__read-more-wrapper\">\n\t\t\n\t\t<a class=\"elementor-post__read-more\" href=\"https:\/\/emr-skills4you.eu\/fr\/news-article\/les-enregistrements-de-nos-webinaires-sont-disponibles-en-ligne\/\" aria-label=\"Read more about Les enregistrements de nos webinaires sont disponibles en ligne!\" tabindex=\"-1\" >\n\t\t\tLire la suite\t\t<\/a>\n\n\t\t\t\t\t<\/div>\n\t\t\t\t<\/div>\n\t\t\t\t<\/article>\n\t\t\t\t<article class=\"elementor-post elementor-grid-item post-2193 news-article type-news-article status-publish has-post-thumbnail hentry\">\n\t\t\t\t<a class=\"elementor-post__thumbnail__link\" href=\"https:\/\/emr-skills4you.eu\/fr\/news-article\/e-learning-pack-de-survie-numerique-pour-letudiant\/\" tabindex=\"-1\" >\n\t\t\t<div class=\"elementor-post__thumbnail\"><img loading=\"lazy\" decoding=\"async\" width=\"800\" height=\"327\" src=\"https:\/\/emr-skills4you.eu\/wp-content\/uploads\/2023\/11\/16-Digital-survival-package-as-a-student-Header-1024x418.png\" class=\"attachment-large size-large wp-image-2182\" alt=\"\" srcset=\"https:\/\/emr-skills4you.eu\/wp-content\/uploads\/2023\/11\/16-Digital-survival-package-as-a-student-Header-1024x418.png 1024w, https:\/\/emr-skills4you.eu\/wp-content\/uploads\/2023\/11\/16-Digital-survival-package-as-a-student-Header-300x122.png 300w, https:\/\/emr-skills4you.eu\/wp-content\/uploads\/2023\/11\/16-Digital-survival-package-as-a-student-Header-768x313.png 768w, https:\/\/emr-skills4you.eu\/wp-content\/uploads\/2023\/11\/16-Digital-survival-package-as-a-student-Header-1536x627.png 1536w, https:\/\/emr-skills4you.eu\/wp-content\/uploads\/2023\/11\/16-Digital-survival-package-as-a-student-Header.png 1792w\" sizes=\"(max-width: 800px) 100vw, 800px\" \/><\/div>\n\t\t<\/a>\n\t\t\t\t<div class=\"elementor-post__text\">\n\t\t\t\t<h2 class=\"elementor-post__title\">\n\t\t\t<a href=\"https:\/\/emr-skills4you.eu\/fr\/news-article\/e-learning-pack-de-survie-numerique-pour-letudiant\/\" >\n\t\t\t\tE-learning \u00ab Pack de survie num\u00e9rique pour l&#8217;\u00e9tudiant \u00bb\t\t\t<\/a>\n\t\t<\/h2>\n\t\t\t\t<div class=\"elementor-post__meta-data\">\n\t\t\t\t\t<span class=\"elementor-post-date\">\n\t\t\t23 novembre 2023\t\t<\/span>\n\t\t\t\t<\/div>\n\t\t\t\t<div class=\"elementor-post__excerpt\">\n\t\t\t<p>D\u00e9couvrez notre \u00ab Pack de survie num\u00e9rique pour l&#8217;\u00e9tudiant \u00bb Sur les versions anglaise et n\u00e9erlandaise de la plateforme, vous pouvez suivre une version du<\/p>\n\t\t<\/div>\n\t\t\t\t\t<div class=\"elementor-post__read-more-wrapper\">\n\t\t\n\t\t<a class=\"elementor-post__read-more\" href=\"https:\/\/emr-skills4you.eu\/fr\/news-article\/e-learning-pack-de-survie-numerique-pour-letudiant\/\" aria-label=\"Read more about E-learning \u00ab Pack de survie num\u00e9rique pour l&#8217;\u00e9tudiant \u00bb\" tabindex=\"-1\" >\n\t\t\tLire la suite\t\t<\/a>\n\n\t\t\t\t\t<\/div>\n\t\t\t\t<\/div>\n\t\t\t\t<\/article>\n\t\t\t\t<article class=\"elementor-post elementor-grid-item post-2173 news-article type-news-article status-publish has-post-thumbnail hentry\">\n\t\t\t\t<a class=\"elementor-post__thumbnail__link\" href=\"https:\/\/emr-skills4you.eu\/fr\/news-article\/decouvrez-notre-pack-de-survie-numerique-pour-letudiant\/\" tabindex=\"-1\" >\n\t\t\t<div class=\"elementor-post__thumbnail\"><img loading=\"lazy\" decoding=\"async\" width=\"800\" height=\"448\" src=\"https:\/\/emr-skills4you.eu\/wp-content\/uploads\/2023\/11\/1-Pack-etudiant-accueil-1024x573.png\" class=\"attachment-large size-large wp-image-2162\" alt=\"\" srcset=\"https:\/\/emr-skills4you.eu\/wp-content\/uploads\/2023\/11\/1-Pack-etudiant-accueil-1024x573.png 1024w, https:\/\/emr-skills4you.eu\/wp-content\/uploads\/2023\/11\/1-Pack-etudiant-accueil-300x168.png 300w, https:\/\/emr-skills4you.eu\/wp-content\/uploads\/2023\/11\/1-Pack-etudiant-accueil-768x430.png 768w, https:\/\/emr-skills4you.eu\/wp-content\/uploads\/2023\/11\/1-Pack-etudiant-accueil-1536x860.png 1536w, https:\/\/emr-skills4you.eu\/wp-content\/uploads\/2023\/11\/1-Pack-etudiant-accueil.png 1642w\" sizes=\"(max-width: 800px) 100vw, 800px\" \/><\/div>\n\t\t<\/a>\n\t\t\t\t<div class=\"elementor-post__text\">\n\t\t\t\t<h2 class=\"elementor-post__title\">\n\t\t\t<a href=\"https:\/\/emr-skills4you.eu\/fr\/news-article\/decouvrez-notre-pack-de-survie-numerique-pour-letudiant\/\" >\n\t\t\t\tD\u00e9couvrez notre pack de survie num\u00e9rique pour l\u2019\u00e9tudiant !\t\t\t<\/a>\n\t\t<\/h2>\n\t\t\t\t<div class=\"elementor-post__meta-data\">\n\t\t\t\t\t<span class=\"elementor-post-date\">\n\t\t\t23 novembre 2023\t\t<\/span>\n\t\t\t\t<\/div>\n\t\t\t\t<div class=\"elementor-post__excerpt\">\n\t\t\t<p>Envie ou besoin de vous former aux comp\u00e9tences num\u00e9riques ? Que vous soyez \u00e9tudiants ou enseignants, notre Pack de survie num\u00e9rique est l\u00e0 pour vous<\/p>\n\t\t<\/div>\n\t\t\t\t\t<div class=\"elementor-post__read-more-wrapper\">\n\t\t\n\t\t<a class=\"elementor-post__read-more\" href=\"https:\/\/emr-skills4you.eu\/fr\/news-article\/decouvrez-notre-pack-de-survie-numerique-pour-letudiant\/\" aria-label=\"Read more about D\u00e9couvrez notre pack de survie num\u00e9rique pour l\u2019\u00e9tudiant !\" tabindex=\"-1\" >\n\t\t\tLire la suite\t\t<\/a>\n\n\t\t\t\t\t<\/div>\n\t\t\t\t<\/div>\n\t\t\t\t<\/article>\n\t\t\t\t<article class=\"elementor-post elementor-grid-item post-2159 news-article type-news-article status-publish has-post-thumbnail hentry\">\n\t\t\t\t<a class=\"elementor-post__thumbnail__link\" href=\"https:\/\/emr-skills4you.eu\/fr\/news-article\/e-learning-sur-la-differenciation-pedagogique\/\" tabindex=\"-1\" >\n\t\t\t<div class=\"elementor-post__thumbnail\"><img loading=\"lazy\" decoding=\"async\" width=\"800\" height=\"332\" src=\"https:\/\/emr-skills4you.eu\/wp-content\/uploads\/2023\/11\/13-DI-FR-Header-1024x425.png\" class=\"attachment-large size-large wp-image-2139\" alt=\"\" srcset=\"https:\/\/emr-skills4you.eu\/wp-content\/uploads\/2023\/11\/13-DI-FR-Header-1024x425.png 1024w, https:\/\/emr-skills4you.eu\/wp-content\/uploads\/2023\/11\/13-DI-FR-Header-300x125.png 300w, https:\/\/emr-skills4you.eu\/wp-content\/uploads\/2023\/11\/13-DI-FR-Header-768x319.png 768w, https:\/\/emr-skills4you.eu\/wp-content\/uploads\/2023\/11\/13-DI-FR-Header-1536x638.png 1536w, https:\/\/emr-skills4you.eu\/wp-content\/uploads\/2023\/11\/13-DI-FR-Header.png 1573w\" sizes=\"(max-width: 800px) 100vw, 800px\" \/><\/div>\n\t\t<\/a>\n\t\t\t\t<div class=\"elementor-post__text\">\n\t\t\t\t<h2 class=\"elementor-post__title\">\n\t\t\t<a href=\"https:\/\/emr-skills4you.eu\/fr\/news-article\/e-learning-sur-la-differenciation-pedagogique\/\" >\n\t\t\t\tE-Learning sur la diff\u00e9renciation p\u00e9dagogique\t\t\t<\/a>\n\t\t<\/h2>\n\t\t\t\t<div class=\"elementor-post__meta-data\">\n\t\t\t\t\t<span class=\"elementor-post-date\">\n\t\t\t22 novembre 2023\t\t<\/span>\n\t\t\t\t<\/div>\n\t\t\t\t<div class=\"elementor-post__excerpt\">\n\t\t\t<p>Comment pouvez-vous, en tant qu\u2019enseignant, r\u00e9pondre de mani\u00e8re ad\u00e9quate aux diff\u00e9rences entre vos apprenants? Pour vous aider dans cette d\u00e9marche, nous avons cr\u00e9\u00e9 des modules<\/p>\n\t\t<\/div>\n\t\t\t\t\t<div class=\"elementor-post__read-more-wrapper\">\n\t\t\n\t\t<a class=\"elementor-post__read-more\" href=\"https:\/\/emr-skills4you.eu\/fr\/news-article\/e-learning-sur-la-differenciation-pedagogique\/\" aria-label=\"Read more about E-Learning sur la diff\u00e9renciation p\u00e9dagogique\" tabindex=\"-1\" >\n\t\t\tLire la suite\t\t<\/a>\n\n\t\t\t\t\t<\/div>\n\t\t\t\t<\/div>\n\t\t\t\t<\/article>\n\t\t\t\t<\/div>\n\t\t\n\t\t\t\t<div class=\"e-load-more-anchor\" data-page=\"1\" data-max-page=\"5\" data-next-page=\"https:\/\/emr-skills4you.eu\/fr\/wp-json\/wp\/v2\/pages\/1192\/page\/2\/\"><\/div>\n\t\t\t\t<nav class=\"elementor-pagination\" aria-label=\"Pagination\">\n\t\t\t<span aria-current=\"page\" class=\"page-numbers current\"><span class=\"elementor-screen-only\">Page<\/span>1<\/span>\n<a class=\"page-numbers\" href=\"https:\/\/emr-skills4you.eu\/fr\/wp-json\/wp\/v2\/pages\/1192\/page\/2\/\"><span class=\"elementor-screen-only\">Page<\/span>2<\/a>\n<a class=\"page-numbers\" href=\"https:\/\/emr-skills4you.eu\/fr\/wp-json\/wp\/v2\/pages\/1192\/page\/3\/\"><span class=\"elementor-screen-only\">Page<\/span>3<\/a>\n<a class=\"page-numbers\" href=\"https:\/\/emr-skills4you.eu\/fr\/wp-json\/wp\/v2\/pages\/1192\/page\/4\/\"><span class=\"elementor-screen-only\">Page<\/span>4<\/a>\n<a class=\"page-numbers\" href=\"https:\/\/emr-skills4you.eu\/fr\/wp-json\/wp\/v2\/pages\/1192\/page\/5\/\"><span class=\"elementor-screen-only\">Page<\/span>5<\/a>\t\t<\/nav>\n\t\t\t\t\t\t<\/div>\n\t\t\t\t<\/div>\n\t\t\t\t\t<\/div>\n\t\t<\/div>\n\t\t\t\t\t<\/div>\n\t\t<\/section>\n\t\t\t\t<\/div>\n\t\t","protected":false},"excerpt":{"rendered":"<p>Derni\u00e8res nouvelles<\/p>\n","protected":false},"author":1,"featured_media":0,"parent":0,"menu_order":0,"comment_status":"closed","ping_status":"closed","template":"","meta":{"_acf_changed":false,"inline_featured_image":false,"footnotes":""},"class_list":["post-1192","page","type-page","status-publish","hentry"],"acf":[],"_links":{"self":[{"href":"https:\/\/emr-skills4you.eu\/fr\/wp-json\/wp\/v2\/pages\/1192","targetHints":{"allow":["GET"]}}],"collection":[{"href":"https:\/\/emr-skills4you.eu\/fr\/wp-json\/wp\/v2\/pages"}],"about":[{"href":"https:\/\/emr-skills4you.eu\/fr\/wp-json\/wp\/v2\/types\/page"}],"author":[{"embeddable":true,"href":"https:\/\/emr-skills4you.eu\/fr\/wp-json\/wp\/v2\/users\/1"}],"replies":[{"embeddable":true,"href":"https:\/\/emr-skills4you.eu\/fr\/wp-json\/wp\/v2\/comments?post=1192"}],"version-history":[{"count":5,"href":"https:\/\/emr-skills4you.eu\/fr\/wp-json\/wp\/v2\/pages\/1192\/revisions"}],"predecessor-version":[{"id":1263,"href":"https:\/\/emr-skills4you.eu\/fr\/wp-json\/wp\/v2\/pages\/1192\/revisions\/1263"}],"wp:attachment":[{"href":"https:\/\/emr-skills4you.eu\/fr\/wp-json\/wp\/v2\/media?parent=1192"}],"curies":[{"name":"wp","href":"https:\/\/api.w.org\/{rel}","templated":true}]}}