{"id":1235,"date":"2022-10-04T11:43:31","date_gmt":"2022-10-04T09:43:31","guid":{"rendered":"http:\/\/emr-skills4you.eu\/resultaten\/"},"modified":"2022-10-04T11:52:56","modified_gmt":"2022-10-04T09:52:56","slug":"resultats","status":"publish","type":"page","link":"https:\/\/emr-skills4you.eu\/fr\/resultats\/","title":{"rendered":"R\u00e9sultats"},"content":{"rendered":"\t\t<div data-elementor-type=\"wp-page\" data-elementor-id=\"1235\" class=\"elementor elementor-1235 elementor-1223\" data-elementor-post-type=\"page\">\n\t\t\t\t\t\t<section class=\"elementor-section elementor-top-section elementor-element elementor-element-88dd38a elementor-section-stretched elementor-section-boxed elementor-section-height-default elementor-section-height-default\" data-id=\"88dd38a\" data-element_type=\"section\" data-e-type=\"section\" data-settings=\"{&quot;stretch_section&quot;:&quot;section-stretched&quot;,&quot;background_background&quot;:&quot;classic&quot;}\">\n\t\t\t\t\t\t<div class=\"elementor-container elementor-column-gap-default\">\n\t\t\t\t\t<div class=\"elementor-column elementor-col-100 elementor-top-column elementor-element elementor-element-8989c49\" data-id=\"8989c49\" data-element_type=\"column\" data-e-type=\"column\" data-settings=\"{&quot;background_background&quot;:&quot;classic&quot;}\">\n\t\t\t<div class=\"elementor-widget-wrap elementor-element-populated\">\n\t\t\t\t\t\t<div class=\"elementor-element elementor-element-8381bec maxwidthbox elementor-widget elementor-widget-heading\" data-id=\"8381bec\" data-element_type=\"widget\" data-e-type=\"widget\" data-widget_type=\"heading.default\">\n\t\t\t\t<div class=\"elementor-widget-container\">\n\t\t\t\t\t<h1 class=\"elementor-heading-title elementor-size-default\">R\u00e9sultats scientifiques et rapports de nos experts<\/h1>\t\t\t\t<\/div>\n\t\t\t\t<\/div>\n\t\t\t\t\t<\/div>\n\t\t<\/div>\n\t\t\t\t\t<\/div>\n\t\t<\/section>\n\t\t\t\t<section class=\"elementor-section elementor-top-section elementor-element elementor-element-a01a9bd elementor-section-height-min-height elementor-section-items-top elementor-section-boxed elementor-section-height-default\" data-id=\"a01a9bd\" data-element_type=\"section\" data-e-type=\"section\">\n\t\t\t\t\t\t<div class=\"elementor-container elementor-column-gap-default\">\n\t\t\t\t\t<div class=\"elementor-column elementor-col-100 elementor-top-column elementor-element elementor-element-9bf99a6\" data-id=\"9bf99a6\" data-element_type=\"column\" data-e-type=\"column\">\n\t\t\t<div class=\"elementor-widget-wrap elementor-element-populated\">\n\t\t\t\t\t\t<div class=\"elementor-element elementor-element-2c99457 elementor-grid-3 elementor-grid-tablet-2 elementor-grid-mobile-1 elementor-posts--thumbnail-top elementor-widget elementor-widget-posts\" data-id=\"2c99457\" data-element_type=\"widget\" data-e-type=\"widget\" data-settings=\"{&quot;classic_row_gap&quot;:{&quot;unit&quot;:&quot;px&quot;,&quot;size&quot;:30,&quot;sizes&quot;:[]},&quot;pagination_type&quot;:&quot;numbers&quot;,&quot;classic_columns&quot;:&quot;3&quot;,&quot;classic_columns_tablet&quot;:&quot;2&quot;,&quot;classic_columns_mobile&quot;:&quot;1&quot;,&quot;classic_row_gap_tablet_extra&quot;:{&quot;unit&quot;:&quot;px&quot;,&quot;size&quot;:&quot;&quot;,&quot;sizes&quot;:[]},&quot;classic_row_gap_tablet&quot;:{&quot;unit&quot;:&quot;px&quot;,&quot;size&quot;:&quot;&quot;,&quot;sizes&quot;:[]},&quot;classic_row_gap_mobile&quot;:{&quot;unit&quot;:&quot;px&quot;,&quot;size&quot;:&quot;&quot;,&quot;sizes&quot;:[]}}\" data-widget_type=\"posts.classic\">\n\t\t\t\t<div class=\"elementor-widget-container\">\n\t\t\t\t\t\t\t<div class=\"elementor-posts-container elementor-posts elementor-posts--skin-classic elementor-grid\">\n\t\t\t\t<article class=\"elementor-post elementor-grid-item post-1991 scientific-article type-scientific-article status-publish has-post-thumbnail hentry\">\n\t\t\t\t<a class=\"elementor-post__thumbnail__link\" href=\"https:\/\/emr-skills4you.eu\/fr\/scientific-article\/skills4you-etat-de-lart-lenseignement-en-periode-de-coronavirus\/\" tabindex=\"-1\" >\n\t\t\t<div class=\"elementor-post__thumbnail\"><img fetchpriority=\"high\" decoding=\"async\" width=\"800\" height=\"534\" src=\"https:\/\/emr-skills4you.eu\/wp-content\/uploads\/2023\/11\/SP4-header-1024x683.jpg\" class=\"attachment-large size-large wp-image-1985\" alt=\"\" srcset=\"https:\/\/emr-skills4you.eu\/wp-content\/uploads\/2023\/11\/SP4-header-1024x683.jpg 1024w, https:\/\/emr-skills4you.eu\/wp-content\/uploads\/2023\/11\/SP4-header-300x200.jpg 300w, https:\/\/emr-skills4you.eu\/wp-content\/uploads\/2023\/11\/SP4-header-768x513.jpg 768w, https:\/\/emr-skills4you.eu\/wp-content\/uploads\/2023\/11\/SP4-header-1536x1025.jpg 1536w, https:\/\/emr-skills4you.eu\/wp-content\/uploads\/2023\/11\/SP4-header-2048x1367.jpg 2048w\" sizes=\"(max-width: 800px) 100vw, 800px\" \/><\/div>\n\t\t<\/a>\n\t\t\t\t<div class=\"elementor-post__text\">\n\t\t\t\t<h2 class=\"elementor-post__title\">\n\t\t\t<a href=\"https:\/\/emr-skills4you.eu\/fr\/scientific-article\/skills4you-etat-de-lart-lenseignement-en-periode-de-coronavirus\/\" >\n\t\t\t\tSkills4You : \u00e9tat de l&#8217;art. L\u2019enseignement en p\u00e9riode de coronavirus.\t\t\t<\/a>\n\t\t<\/h2>\n\t\t\t\t<div class=\"elementor-post__meta-data\">\n\t\t\t\t\t<span class=\"elementor-post-date\">\n\t\t\t16 novembre 2023\t\t<\/span>\n\t\t\t\t<\/div>\n\t\t\t\t<div class=\"elementor-post__excerpt\">\n\t\t\t<p>Une \u00e9tude compl\u00e8te sur les comp\u00e9tences num\u00e9riques et la diff\u00e9renciation p\u00e9dagogique dans l&#8217;enseignement secondaire et sup\u00e9rieur de l\u2019Eur\u00e9gio Meuse-Rhin. Cette \u00e9tude \u00e9tat de l\u2019art pr\u00e9sente<\/p>\n\t\t<\/div>\n\t\t\t\t\t<div class=\"elementor-post__read-more-wrapper\">\n\t\t\n\t\t<a class=\"elementor-post__read-more\" href=\"https:\/\/emr-skills4you.eu\/fr\/scientific-article\/skills4you-etat-de-lart-lenseignement-en-periode-de-coronavirus\/\" aria-label=\"Read more about Skills4You : \u00e9tat de l&#8217;art. L\u2019enseignement en p\u00e9riode de coronavirus.\" tabindex=\"-1\" >\n\t\t\tLees verder\t\t<\/a>\n\n\t\t\t\t\t<\/div>\n\t\t\t\t<\/div>\n\t\t\t\t<\/article>\n\t\t\t\t<article class=\"elementor-post elementor-grid-item post-1982 scientific-article type-scientific-article status-publish has-post-thumbnail hentry\">\n\t\t\t\t<a class=\"elementor-post__thumbnail__link\" href=\"https:\/\/emr-skills4you.eu\/fr\/scientific-article\/la-differenciation-pedagogique-dans-lenseignement-professionnel-secondaire-et-superieur-les-bonnes-pratiques\/\" tabindex=\"-1\" >\n\t\t\t<div class=\"elementor-post__thumbnail\"><img decoding=\"async\" width=\"800\" height=\"566\" src=\"https:\/\/emr-skills4you.eu\/wp-content\/uploads\/2023\/11\/Skills4You_Infographic_FR-eleves-1024x724.jpg\" class=\"attachment-large size-large wp-image-1979\" alt=\"\" srcset=\"https:\/\/emr-skills4you.eu\/wp-content\/uploads\/2023\/11\/Skills4You_Infographic_FR-eleves-1024x724.jpg 1024w, https:\/\/emr-skills4you.eu\/wp-content\/uploads\/2023\/11\/Skills4You_Infographic_FR-eleves-300x212.jpg 300w, https:\/\/emr-skills4you.eu\/wp-content\/uploads\/2023\/11\/Skills4You_Infographic_FR-eleves-768x543.jpg 768w, https:\/\/emr-skills4you.eu\/wp-content\/uploads\/2023\/11\/Skills4You_Infographic_FR-eleves-1536x1087.jpg 1536w, https:\/\/emr-skills4you.eu\/wp-content\/uploads\/2023\/11\/Skills4You_Infographic_FR-eleves-2048x1449.jpg 2048w\" sizes=\"(max-width: 800px) 100vw, 800px\" \/><\/div>\n\t\t<\/a>\n\t\t\t\t<div class=\"elementor-post__text\">\n\t\t\t\t<h2 class=\"elementor-post__title\">\n\t\t\t<a href=\"https:\/\/emr-skills4you.eu\/fr\/scientific-article\/la-differenciation-pedagogique-dans-lenseignement-professionnel-secondaire-et-superieur-les-bonnes-pratiques\/\" >\n\t\t\t\tLa diff\u00e9renciation p\u00e9dagogique dans l&#8217;enseignement (professionnel) secondaire et sup\u00e9rieur &#8211; les bonnes pratiques.\t\t\t<\/a>\n\t\t<\/h2>\n\t\t\t\t<div class=\"elementor-post__meta-data\">\n\t\t\t\t\t<span class=\"elementor-post-date\">\n\t\t\t16 novembre 2023\t\t<\/span>\n\t\t\t\t<\/div>\n\t\t\t\t<div class=\"elementor-post__excerpt\">\n\t\t\t<p>La diff\u00e9renciation p\u00e9dagogique est une approche p\u00e9dagogique et didactique qui peut aider les enseignants \u00e0 r\u00e9pondre de mani\u00e8re ad\u00e9quate aux diff\u00e9rences entre leurs \u00e9l\u00e8ves. Au<\/p>\n\t\t<\/div>\n\t\t\t\t\t<div class=\"elementor-post__read-more-wrapper\">\n\t\t\n\t\t<a class=\"elementor-post__read-more\" href=\"https:\/\/emr-skills4you.eu\/fr\/scientific-article\/la-differenciation-pedagogique-dans-lenseignement-professionnel-secondaire-et-superieur-les-bonnes-pratiques\/\" aria-label=\"Read more about La diff\u00e9renciation p\u00e9dagogique dans l&#8217;enseignement (professionnel) secondaire et sup\u00e9rieur &#8211; les bonnes pratiques.\" tabindex=\"-1\" >\n\t\t\tLees verder\t\t<\/a>\n\n\t\t\t\t\t<\/div>\n\t\t\t\t<\/div>\n\t\t\t\t<\/article>\n\t\t\t\t<article class=\"elementor-post elementor-grid-item post-1949 scientific-article type-scientific-article status-publish has-post-thumbnail hentry\">\n\t\t\t\t<a class=\"elementor-post__thumbnail__link\" href=\"https:\/\/emr-skills4you.eu\/fr\/scientific-article\/nous-avons-ajoute-des-croyances-au-selfie-voici-ce-quil-en-est\/\" tabindex=\"-1\" >\n\t\t\t<div class=\"elementor-post__thumbnail\"><img decoding=\"async\" width=\"800\" height=\"534\" src=\"https:\/\/emr-skills4you.eu\/wp-content\/uploads\/2023\/11\/SP8-Presentation-JURE-1024x683.jpg\" class=\"attachment-large size-large wp-image-1944\" alt=\"\" srcset=\"https:\/\/emr-skills4you.eu\/wp-content\/uploads\/2023\/11\/SP8-Presentation-JURE-1024x683.jpg 1024w, https:\/\/emr-skills4you.eu\/wp-content\/uploads\/2023\/11\/SP8-Presentation-JURE-300x200.jpg 300w, https:\/\/emr-skills4you.eu\/wp-content\/uploads\/2023\/11\/SP8-Presentation-JURE-768x512.jpg 768w, https:\/\/emr-skills4you.eu\/wp-content\/uploads\/2023\/11\/SP8-Presentation-JURE-1536x1024.jpg 1536w, https:\/\/emr-skills4you.eu\/wp-content\/uploads\/2023\/11\/SP8-Presentation-JURE.jpg 2048w\" sizes=\"(max-width: 800px) 100vw, 800px\" \/><\/div>\n\t\t<\/a>\n\t\t\t\t<div class=\"elementor-post__text\">\n\t\t\t\t<h2 class=\"elementor-post__title\">\n\t\t\t<a href=\"https:\/\/emr-skills4you.eu\/fr\/scientific-article\/nous-avons-ajoute-des-croyances-au-selfie-voici-ce-quil-en-est\/\" >\n\t\t\t\tNous avons ajout\u00e9 des croyances au SELFIE. Voici ce qu\u2019il en est.\t\t\t<\/a>\n\t\t<\/h2>\n\t\t\t\t<div class=\"elementor-post__meta-data\">\n\t\t\t\t\t<span class=\"elementor-post-date\">\n\t\t\t16 novembre 2023\t\t<\/span>\n\t\t\t\t<\/div>\n\t\t\t\t<div class=\"elementor-post__excerpt\">\n\t\t\t<p>Que se passe-t-il lorsque l&#8217;on interroge les enseignants sur leurs convictions concernant l&#8217;utilisation de la technologie num\u00e9rique dans l\u2019enseignement, ainsi que sur leur vision de<\/p>\n\t\t<\/div>\n\t\t\t\t\t<div class=\"elementor-post__read-more-wrapper\">\n\t\t\n\t\t<a class=\"elementor-post__read-more\" href=\"https:\/\/emr-skills4you.eu\/fr\/scientific-article\/nous-avons-ajoute-des-croyances-au-selfie-voici-ce-quil-en-est\/\" aria-label=\"Read more about Nous avons ajout\u00e9 des croyances au SELFIE. Voici ce qu\u2019il en est.\" tabindex=\"-1\" >\n\t\t\tLees verder\t\t<\/a>\n\n\t\t\t\t\t<\/div>\n\t\t\t\t<\/div>\n\t\t\t\t<\/article>\n\t\t\t\t<article class=\"elementor-post elementor-grid-item post-1940 scientific-article type-scientific-article status-publish has-post-thumbnail hentry\">\n\t\t\t\t<a class=\"elementor-post__thumbnail__link\" href=\"https:\/\/emr-skills4you.eu\/fr\/scientific-article\/experiences-des-enseignants-en-matiere-dapprentissage-numerique-pendant-la-pandemie-de-la-covid-19-une-recherche-exploratoire\/\" tabindex=\"-1\" >\n\t\t\t<div class=\"elementor-post__thumbnail\"><img loading=\"lazy\" decoding=\"async\" width=\"800\" height=\"450\" src=\"https:\/\/emr-skills4you.eu\/wp-content\/uploads\/2023\/11\/SP7-header-1024x576.png\" class=\"attachment-large size-large wp-image-1930\" alt=\"\" srcset=\"https:\/\/emr-skills4you.eu\/wp-content\/uploads\/2023\/11\/SP7-header-1024x576.png 1024w, https:\/\/emr-skills4you.eu\/wp-content\/uploads\/2023\/11\/SP7-header-300x169.png 300w, https:\/\/emr-skills4you.eu\/wp-content\/uploads\/2023\/11\/SP7-header-768x432.png 768w, https:\/\/emr-skills4you.eu\/wp-content\/uploads\/2023\/11\/SP7-header.png 1280w\" sizes=\"(max-width: 800px) 100vw, 800px\" \/><\/div>\n\t\t<\/a>\n\t\t\t\t<div class=\"elementor-post__text\">\n\t\t\t\t<h2 class=\"elementor-post__title\">\n\t\t\t<a href=\"https:\/\/emr-skills4you.eu\/fr\/scientific-article\/experiences-des-enseignants-en-matiere-dapprentissage-numerique-pendant-la-pandemie-de-la-covid-19-une-recherche-exploratoire\/\" >\n\t\t\t\tExp\u00e9riences des enseignants en mati\u00e8re d&#8217;apprentissage num\u00e9rique pendant la pand\u00e9mie de la COVID-19 : une recherche exploratoire\t\t\t<\/a>\n\t\t<\/h2>\n\t\t\t\t<div class=\"elementor-post__meta-data\">\n\t\t\t\t\t<span class=\"elementor-post-date\">\n\t\t\t16 novembre 2023\t\t<\/span>\n\t\t\t\t<\/div>\n\t\t\t\t<div class=\"elementor-post__excerpt\">\n\t\t\t<p>EARLI est une conf\u00e9rence europ\u00e9enne de grande envergure qui s&#8217;est tenue dans la ville grecque de Thessalonique en ao\u00fbt 2023. Plus de 2500 chercheurs en<\/p>\n\t\t<\/div>\n\t\t\t\t\t<div class=\"elementor-post__read-more-wrapper\">\n\t\t\n\t\t<a class=\"elementor-post__read-more\" href=\"https:\/\/emr-skills4you.eu\/fr\/scientific-article\/experiences-des-enseignants-en-matiere-dapprentissage-numerique-pendant-la-pandemie-de-la-covid-19-une-recherche-exploratoire\/\" aria-label=\"Read more about Exp\u00e9riences des enseignants en mati\u00e8re d&#8217;apprentissage num\u00e9rique pendant la pand\u00e9mie de la COVID-19 : une recherche exploratoire\" tabindex=\"-1\" >\n\t\t\tLees verder\t\t<\/a>\n\n\t\t\t\t\t<\/div>\n\t\t\t\t<\/div>\n\t\t\t\t<\/article>\n\t\t\t\t<article class=\"elementor-post elementor-grid-item post-1927 scientific-article type-scientific-article status-publish has-post-thumbnail hentry\">\n\t\t\t\t<a class=\"elementor-post__thumbnail__link\" href=\"https:\/\/emr-skills4you.eu\/fr\/scientific-article\/former-les-enseignants-a-limportance-de-valoriser-et-dexploiter-les-differences-entre-les-eleves-perspective-dune-recherche-fondee-sur-la-conception-design-based-research\/\" tabindex=\"-1\" >\n\t\t\t<div class=\"elementor-post__thumbnail\"><img loading=\"lazy\" decoding=\"async\" width=\"800\" height=\"450\" src=\"https:\/\/emr-skills4you.eu\/wp-content\/uploads\/2023\/11\/SP11-header-1024x576.png\" class=\"attachment-large size-large wp-image-1918\" alt=\"\" srcset=\"https:\/\/emr-skills4you.eu\/wp-content\/uploads\/2023\/11\/SP11-header-1024x576.png 1024w, https:\/\/emr-skills4you.eu\/wp-content\/uploads\/2023\/11\/SP11-header-300x169.png 300w, https:\/\/emr-skills4you.eu\/wp-content\/uploads\/2023\/11\/SP11-header-768x432.png 768w, https:\/\/emr-skills4you.eu\/wp-content\/uploads\/2023\/11\/SP11-header.png 1280w\" sizes=\"(max-width: 800px) 100vw, 800px\" \/><\/div>\n\t\t<\/a>\n\t\t\t\t<div class=\"elementor-post__text\">\n\t\t\t\t<h2 class=\"elementor-post__title\">\n\t\t\t<a href=\"https:\/\/emr-skills4you.eu\/fr\/scientific-article\/former-les-enseignants-a-limportance-de-valoriser-et-dexploiter-les-differences-entre-les-eleves-perspective-dune-recherche-fondee-sur-la-conception-design-based-research\/\" >\n\t\t\t\tFormer les enseignants \u00e0 l&#8217;importance de valoriser et d&#8217;exploiter les diff\u00e9rences entre les \u00e9l\u00e8ves : perspective d\u2019une recherche fond\u00e9e sur la conception (Design-Based research).\t\t\t<\/a>\n\t\t<\/h2>\n\t\t\t\t<div class=\"elementor-post__meta-data\">\n\t\t\t\t\t<span class=\"elementor-post-date\">\n\t\t\t16 novembre 2023\t\t<\/span>\n\t\t\t\t<\/div>\n\t\t\t\t<div class=\"elementor-post__excerpt\">\n\t\t\t<p>L&#8217;\u00e9quipe de l&#8217;Universit\u00e9 de Maastricht a pr\u00e9sent\u00e9 \u00e0 deux reprises ses conclusions pr\u00e9liminaires concernant l&#8217;\u00e9valuation des formations sur la diff\u00e9renciation p\u00e9dagogique. La premi\u00e8re fois, le<\/p>\n\t\t<\/div>\n\t\t\t\t\t<div class=\"elementor-post__read-more-wrapper\">\n\t\t\n\t\t<a class=\"elementor-post__read-more\" href=\"https:\/\/emr-skills4you.eu\/fr\/scientific-article\/former-les-enseignants-a-limportance-de-valoriser-et-dexploiter-les-differences-entre-les-eleves-perspective-dune-recherche-fondee-sur-la-conception-design-based-research\/\" aria-label=\"Read more about Former les enseignants \u00e0 l&#8217;importance de valoriser et d&#8217;exploiter les diff\u00e9rences entre les \u00e9l\u00e8ves : perspective d\u2019une recherche fond\u00e9e sur la conception (Design-Based research).\" tabindex=\"-1\" >\n\t\t\tLees verder\t\t<\/a>\n\n\t\t\t\t\t<\/div>\n\t\t\t\t<\/div>\n\t\t\t\t<\/article>\n\t\t\t\t<article class=\"elementor-post elementor-grid-item post-1915 scientific-article type-scientific-article status-publish has-post-thumbnail hentry\">\n\t\t\t\t<a class=\"elementor-post__thumbnail__link\" href=\"https:\/\/emr-skills4you.eu\/fr\/scientific-article\/pret-pour-la-technologie-numerique-une-analyse-par-segmentation-visant-a-identifier-differents-profils-denseignants-dans-lorganisation-de-lenseignement-numerique\/\" tabindex=\"-1\" >\n\t\t\t<div class=\"elementor-post__thumbnail\"><img loading=\"lazy\" decoding=\"async\" width=\"800\" height=\"450\" src=\"https:\/\/emr-skills4you.eu\/wp-content\/uploads\/2023\/11\/SP9-header-1024x576.png\" class=\"attachment-large size-large wp-image-1909\" alt=\"\" srcset=\"https:\/\/emr-skills4you.eu\/wp-content\/uploads\/2023\/11\/SP9-header-1024x576.png 1024w, https:\/\/emr-skills4you.eu\/wp-content\/uploads\/2023\/11\/SP9-header-300x169.png 300w, https:\/\/emr-skills4you.eu\/wp-content\/uploads\/2023\/11\/SP9-header-768x432.png 768w, https:\/\/emr-skills4you.eu\/wp-content\/uploads\/2023\/11\/SP9-header.png 1280w\" sizes=\"(max-width: 800px) 100vw, 800px\" \/><\/div>\n\t\t<\/a>\n\t\t\t\t<div class=\"elementor-post__text\">\n\t\t\t\t<h2 class=\"elementor-post__title\">\n\t\t\t<a href=\"https:\/\/emr-skills4you.eu\/fr\/scientific-article\/pret-pour-la-technologie-numerique-une-analyse-par-segmentation-visant-a-identifier-differents-profils-denseignants-dans-lorganisation-de-lenseignement-numerique\/\" >\n\t\t\t\tPr\u00eat pour la technologie num\u00e9rique ? Une analyse par segmentation visant \u00e0 identifier diff\u00e9rents profils d&#8217;enseignants dans l&#8217;organisation de l\u2019enseignement num\u00e9rique.\t\t\t<\/a>\n\t\t<\/h2>\n\t\t\t\t<div class=\"elementor-post__meta-data\">\n\t\t\t\t\t<span class=\"elementor-post-date\">\n\t\t\t16 novembre 2023\t\t<\/span>\n\t\t\t\t<\/div>\n\t\t\t\t<div class=\"elementor-post__excerpt\">\n\t\t\t<p>L&#8217;inspection flamande de l&#8217;enseignement organise chaque ann\u00e9e un congr\u00e8s VTO interne, au cours duquel les chercheurs en enseignement ont l&#8217;occasion de pr\u00e9senter leurs r\u00e9sultats aux<\/p>\n\t\t<\/div>\n\t\t\t\t\t<div class=\"elementor-post__read-more-wrapper\">\n\t\t\n\t\t<a class=\"elementor-post__read-more\" href=\"https:\/\/emr-skills4you.eu\/fr\/scientific-article\/pret-pour-la-technologie-numerique-une-analyse-par-segmentation-visant-a-identifier-differents-profils-denseignants-dans-lorganisation-de-lenseignement-numerique\/\" aria-label=\"Read more about Pr\u00eat pour la technologie num\u00e9rique ? Une analyse par segmentation visant \u00e0 identifier diff\u00e9rents profils d&#8217;enseignants dans l&#8217;organisation de l\u2019enseignement num\u00e9rique.\" tabindex=\"-1\" >\n\t\t\tLees verder\t\t<\/a>\n\n\t\t\t\t\t<\/div>\n\t\t\t\t<\/div>\n\t\t\t\t<\/article>\n\t\t\t\t<\/div>\n\t\t\n\t\t\t\t<div class=\"e-load-more-anchor\" data-page=\"1\" data-max-page=\"2\" data-next-page=\"https:\/\/emr-skills4you.eu\/fr\/wp-json\/wp\/v2\/pages\/1235\/page\/2\/\"><\/div>\n\t\t\t\t<nav class=\"elementor-pagination\" aria-label=\"Pagination\">\n\t\t\t<span aria-current=\"page\" class=\"page-numbers current\"><span class=\"elementor-screen-only\">Page<\/span>1<\/span>\n<a class=\"page-numbers\" href=\"https:\/\/emr-skills4you.eu\/fr\/wp-json\/wp\/v2\/pages\/1235\/page\/2\/\"><span class=\"elementor-screen-only\">Page<\/span>2<\/a>\t\t<\/nav>\n\t\t\t\t\t\t<\/div>\n\t\t\t\t<\/div>\n\t\t\t\t\t<\/div>\n\t\t<\/div>\n\t\t\t\t\t<\/div>\n\t\t<\/section>\n\t\t\t\t<\/div>\n\t\t","protected":false},"excerpt":{"rendered":"<p>R\u00e9sultats scientifiques et rapports de nos experts<\/p>\n","protected":false},"author":1,"featured_media":0,"parent":0,"menu_order":0,"comment_status":"closed","ping_status":"closed","template":"","meta":{"_acf_changed":false,"inline_featured_image":false,"footnotes":""},"class_list":["post-1235","page","type-page","status-publish","hentry"],"acf":[],"_links":{"self":[{"href":"https:\/\/emr-skills4you.eu\/fr\/wp-json\/wp\/v2\/pages\/1235","targetHints":{"allow":["GET"]}}],"collection":[{"href":"https:\/\/emr-skills4you.eu\/fr\/wp-json\/wp\/v2\/pages"}],"about":[{"href":"https:\/\/emr-skills4you.eu\/fr\/wp-json\/wp\/v2\/types\/page"}],"author":[{"embeddable":true,"href":"https:\/\/emr-skills4you.eu\/fr\/wp-json\/wp\/v2\/users\/1"}],"replies":[{"embeddable":true,"href":"https:\/\/emr-skills4you.eu\/fr\/wp-json\/wp\/v2\/comments?post=1235"}],"version-history":[{"count":4,"href":"https:\/\/emr-skills4you.eu\/fr\/wp-json\/wp\/v2\/pages\/1235\/revisions"}],"predecessor-version":[{"id":1243,"href":"https:\/\/emr-skills4you.eu\/fr\/wp-json\/wp\/v2\/pages\/1235\/revisions\/1243"}],"wp:attachment":[{"href":"https:\/\/emr-skills4you.eu\/fr\/wp-json\/wp\/v2\/media?parent=1235"}],"curies":[{"name":"wp","href":"https:\/\/api.w.org\/{rel}","templated":true}]}}