{"id":713,"date":"2022-08-26T09:26:21","date_gmt":"2022-08-26T07:26:21","guid":{"rendered":"http:\/\/emr-skills4you.eu\/?page_id=713"},"modified":"2023-03-09T14:01:15","modified_gmt":"2023-03-09T13:01:15","slug":"account-creation","status":"publish","type":"page","link":"https:\/\/emr-skills4you.eu\/fr\/account-creation\/","title":{"rendered":"Account creation"},"content":{"rendered":"\t\t<div data-elementor-type=\"wp-page\" data-elementor-id=\"713\" class=\"elementor elementor-713 elementor-500\" data-elementor-post-type=\"page\">\n\t\t\t\t\t\t<section class=\"elementor-section elementor-top-section elementor-element elementor-element-678f05cd elementor-section-stretched elementor-section-height-min-height elementor-section-boxed elementor-section-height-default elementor-section-items-middle\" data-id=\"678f05cd\" data-element_type=\"section\" data-e-type=\"section\" data-settings=\"{&quot;stretch_section&quot;:&quot;section-stretched&quot;,&quot;background_background&quot;:&quot;classic&quot;}\">\n\t\t\t\t\t\t<div class=\"elementor-container elementor-column-gap-default\">\n\t\t\t\t\t<div class=\"elementor-column elementor-col-100 elementor-top-column elementor-element elementor-element-49293fc3\" data-id=\"49293fc3\" data-element_type=\"column\" data-e-type=\"column\" data-settings=\"{&quot;background_background&quot;:&quot;classic&quot;}\">\n\t\t\t<div class=\"elementor-widget-wrap elementor-element-populated\">\n\t\t\t\t\t\t<div class=\"elementor-element elementor-element-3302267a maxwidthbox elementor-widget elementor-widget-heading\" data-id=\"3302267a\" data-element_type=\"widget\" data-e-type=\"widget\" data-widget_type=\"heading.default\">\n\t\t\t\t<div class=\"elementor-widget-container\">\n\t\t\t\t\t<h1 class=\"elementor-heading-title elementor-size-default\">Inscription pour obtenir vos acc\u00e8s<\/h1>\t\t\t\t<\/div>\n\t\t\t\t<\/div>\n\t\t\t\t<div class=\"elementor-element elementor-element-3faa9c maxwidthbox elementor-widget elementor-widget-text-editor\" data-id=\"3faa9c\" data-element_type=\"widget\" data-e-type=\"widget\" data-widget_type=\"text-editor.default\">\n\t\t\t\t<div class=\"elementor-widget-container\">\n\t\t\t\t\t\t\t\t\t<p>Vous pouvez vous inscrire via ce formulaire. Vous recevrez ensuite vos informations de connexion avec lesquelles vous pourrez vous connecter au site Web.<\/p><p><script>\nvar gform;gform||(document.addEventListener(\"gform_main_scripts_loaded\",function(){gform.scriptsLoaded=!0}),document.addEventListener(\"gform\/theme\/scripts_loaded\",function(){gform.themeScriptsLoaded=!0}),window.addEventListener(\"DOMContentLoaded\",function(){gform.domLoaded=!0}),gform={domLoaded:!1,scriptsLoaded:!1,themeScriptsLoaded:!1,isFormEditor:()=>\"function\"==typeof InitializeEditor,callIfLoaded:function(o){return!(!gform.domLoaded||!gform.scriptsLoaded||!gform.themeScriptsLoaded&&!gform.isFormEditor()||(gform.isFormEditor()&&console.warn(\"The use of gform.initializeOnLoaded() is deprecated in the form editor context and will be removed in Gravity Forms 3.1.\"),o(),0))},initializeOnLoaded:function(o){gform.callIfLoaded(o)||(document.addEventListener(\"gform_main_scripts_loaded\",()=>{gform.scriptsLoaded=!0,gform.callIfLoaded(o)}),document.addEventListener(\"gform\/theme\/scripts_loaded\",()=>{gform.themeScriptsLoaded=!0,gform.callIfLoaded(o)}),window.addEventListener(\"DOMContentLoaded\",()=>{gform.domLoaded=!0,gform.callIfLoaded(o)}))},hooks:{action:{},filter:{}},addAction:function(o,r,e,t){gform.addHook(\"action\",o,r,e,t)},addFilter:function(o,r,e,t){gform.addHook(\"filter\",o,r,e,t)},doAction:function(o){gform.doHook(\"action\",o,arguments)},applyFilters:function(o){return gform.doHook(\"filter\",o,arguments)},removeAction:function(o,r){gform.removeHook(\"action\",o,r)},removeFilter:function(o,r,e){gform.removeHook(\"filter\",o,r,e)},addHook:function(o,r,e,t,n){null==gform.hooks[o][r]&&(gform.hooks[o][r]=[]);var d=gform.hooks[o][r];null==n&&(n=r+\"_\"+d.length),gform.hooks[o][r].push({tag:n,callable:e,priority:t=null==t?10:t})},doHook:function(r,o,e){var t;if(e=Array.prototype.slice.call(e,1),null!=gform.hooks[r][o]&&((o=gform.hooks[r][o]).sort(function(o,r){return o.priority-r.priority}),o.forEach(function(o){\"function\"!=typeof(t=o.callable)&&(t=window[t]),\"action\"==r?t.apply(null,e):e[0]=t.apply(null,e)})),\"filter\"==r)return e[0]},removeHook:function(o,r,t,n){var e;null!=gform.hooks[o][r]&&(e=(e=gform.hooks[o][r]).filter(function(o,r,e){return!!(null!=n&&n!=o.tag||null!=t&&t!=o.priority)}),gform.hooks[o][r]=e)}});\n<\/script>\n\n                <div class='gf_browser_gecko gform_wrapper gravity-theme gform-theme--no-framework' data-form-theme='gravity-theme' data-form-index='0' id='gform_wrapper_7' style='display:none'><div id='gf_7' class='gform_anchor' tabindex='-1'><\/div>\n                        <div class='gform_heading'>\n\t\t\t\t\t\t\t<p class='gform_required_legend'>\u00ab\u00a0<span class=\"gfield_required gfield_required_asterisk\">*<\/span>\u00a0\u00bb indique les champs n\u00e9cessaires<\/p>\n                        <\/div><form method='post' enctype='multipart\/form-data' target='gform_ajax_frame_7' id='gform_7'  action='\/fr\/wp-json\/wp\/v2\/pages\/713#gf_7' data-formid='7' novalidate>\n                        <div class='gform-body gform_body'><div id='gform_fields_7' class='gform_fields top_label form_sublabel_below description_below validation_below'><div id=\"field_7_9\" class=\"gfield gfield--type-text gfield--width-half gfield_contains_required field_sublabel_below gfield--no-description field_description_below field_validation_below gfield_visibility_visible\"  ><label class='gfield_label gform-field-label' for='input_7_9'>Pr\u00e9nom<span class=\"gfield_required\"><span class=\"gfield_required gfield_required_asterisk\">*<\/span><\/span><\/label><div class='ginput_container ginput_container_text'><input name='input_9' id='input_7_9' type='text' value='' class='large'     aria-required=\"true\" aria-invalid=\"false\"   \/><\/div><\/div><div id=\"field_7_1\" class=\"gfield gfield--type-text gfield--width-half gfield_contains_required field_sublabel_below gfield--no-description field_description_below field_validation_below gfield_visibility_visible\"  ><label class='gfield_label gform-field-label' for='input_7_1'>Nom<span class=\"gfield_required\"><span class=\"gfield_required gfield_required_asterisk\">*<\/span><\/span><\/label><div class='ginput_container ginput_container_text'><input name='input_1' id='input_7_1' type='text' value='' class='large'     aria-required=\"true\" aria-invalid=\"false\"   \/><\/div><\/div><div id=\"field_7_3\" class=\"gfield gfield--type-email gfield--width-full gfield_contains_required field_sublabel_below gfield--no-description field_description_below field_validation_below gfield_visibility_visible\"  ><label class='gfield_label gform-field-label' for='input_7_3'>Adresse E-mail<span class=\"gfield_required\"><span class=\"gfield_required gfield_required_asterisk\">*<\/span><\/span><\/label><div class='ginput_container ginput_container_email'>\n                            <input name='input_3' id='input_7_3' type='email' value='' class='large'    aria-required=\"true\" aria-invalid=\"false\"  autocomplete=\"email\"\/>\n                        <\/div><\/div><fieldset id=\"field_7_11\" class=\"gfield gfield--type-password gfield--width-full gfield_contains_required field_sublabel_below gfield--no-description field_description_below field_validation_below gfield_visibility_visible\"  ><legend class='gfield_label gform-field-label gfield_label_before_complex' >Mot de passe<span class=\"gfield_required\"><span class=\"gfield_required gfield_required_asterisk\">*<\/span><\/span><\/legend><div class='ginput_complex ginput_container ginput_container_password gform-grid-row' id='input_7_11_container'>\n\t\t\t\t\t\t<span id='input_7_11_1_container' class='ginput_password ginput_left gform-grid-col gform-grid-col--size-auto'>\n\t\t\t\t\t\t\t<span class='password_input_container'>\n\t\t\t\t\t\t\t<input type='password' name='input_11' id='input_7_11' onkeyup='gformShowPasswordStrength(\"input_7_11\");' onchange='gformShowPasswordStrength(\"input_7_11\");' aria-describedby=\"input_7_11_strength_indicator\" value=''   aria-required=\"true\" aria-invalid=\"false\" \/>\n\t\t\t\t\t\t\t\n\t\t\t\t\t\t\t<\/span>\n\t\t\t\t\t\t\t<label for='input_7_11' class='gform-field-label gform-field-label--type-sub '>Saisir le mot de passe<\/label>\n\t\t\t\t\t\t<\/span>\n\t\t\t\t\t\t<span id='input_7_11_2_container' class='ginput_password ginput_right gform-grid-col gform-grid-col--size-auto'>\n\t\t\t\t\t\t\t<span class='password_input_container'>\n\t\t\t\t\t\t\t<input type='password' name='input_11_2' id='input_7_11_2' onkeyup='gformShowPasswordStrength(\"input_7_11\");' onchange='gformShowPasswordStrength(\"input_7_11\");' value=''   aria-required=\"true\" aria-invalid=\"false\" \/>\n\t\t\t\t\t\t\t\n\t\t\t\t\t\t\t<\/span>\n\t\t\t\t\t\t\t<label for='input_7_11_2' class='gform-field-label gform-field-label--type-sub '>Confirmer le mot de passe<\/label>\n\t\t\t\t\t\t<\/span>\n\t\t\t\t\t\t<div class='gf_clear gf_clear_complex'><\/div>\n\t\t\t\t\t<\/div><div id='input_7_11_strength_indicator' class='gfield_password_strength'  aria-live='assertive' aria-atomic='true'>\n\t\t\t\t\t\t\t\t\t\t\t\t\t\t\t\t\t\t\tIndicateur de degr\u00e9 de s\u00fbret\u00e9\n\t\t\t\t\t\t\t\t\t\t\t\t\t\t\t\t\t\t<\/div>\n\t\t\t\t\t\t\t\t\t\t\t\t\t\t\t\t\t\t<input type='hidden' class='gform_hidden' id='input_7_11_strength' name='input_11_strength' \/><\/fieldset><fieldset id=\"field_7_4\" class=\"gfield gfield--type-radio gfield--type-choice gfield--width-full gfield_contains_required field_sublabel_below gfield--no-description field_description_below field_validation_below gfield_visibility_visible\"  ><legend class='gfield_label gform-field-label' >Quel est votre r\u00f4le ?<span class=\"gfield_required\"><span class=\"gfield_required gfield_required_asterisk\">*<\/span><\/span><\/legend><div class='ginput_container ginput_container_radio'><div class='gfield_radio' id='input_7_4'>\n\t\t\t<div class='gchoice gchoice_7_4_0'>\n\t\t\t\t\t<input class='gfield-choice-input' name='input_4' type='radio' value='\u00c9tudiant'  id='choice_7_4_0' onchange='gformToggleRadioOther( this )'    \/>\n\t\t\t\t\t<label for='choice_7_4_0' id='label_7_4_0' class='gform-field-label gform-field-label--type-inline'>\u00c9tudiant<\/label>\n\t\t\t<\/div>\n\t\t\t<div class='gchoice gchoice_7_4_1'>\n\t\t\t\t\t<input class='gfield-choice-input' name='input_4' type='radio' value='Enseignant'  id='choice_7_4_1' onchange='gformToggleRadioOther( this )'    \/>\n\t\t\t\t\t<label for='choice_7_4_1' id='label_7_4_1' class='gform-field-label gform-field-label--type-inline'>Enseignant<\/label>\n\t\t\t<\/div>\n\t\t\t<div class='gchoice gchoice_7_4_2'>\n\t\t\t\t\t<input class='gfield-choice-input' name='input_4' type='radio' value='Autre'  id='choice_7_4_2' onchange='gformToggleRadioOther( this )'    \/>\n\t\t\t\t\t<label for='choice_7_4_2' id='label_7_4_2' class='gform-field-label gform-field-label--type-inline'>Autre<\/label>\n\t\t\t<\/div><\/div><\/div><\/fieldset><div id=\"field_7_12\" class=\"gfield gfield--type-text gfield--width-full gfield_contains_required field_sublabel_below gfield--no-description field_description_below field_validation_below gfield_visibility_visible\"  ><label class='gfield_label gform-field-label' for='input_7_12'>D\u00e9cris ton r\u00f4le<span class=\"gfield_required\"><span class=\"gfield_required gfield_required_asterisk\">*<\/span><\/span><\/label><div class='ginput_container ginput_container_text'><input name='input_12' id='input_7_12' type='text' value='' class='large'     aria-required=\"true\" aria-invalid=\"false\"   \/><\/div><\/div><fieldset id=\"field_7_6\" class=\"gfield gfield--type-radio gfield--type-choice gfield--width-full gfield_contains_required field_sublabel_below gfield--no-description field_description_below field_validation_below gfield_visibility_visible\"  ><legend class='gfield_label gform-field-label' >Niveau d&#039;enseignement<span class=\"gfield_required\"><span class=\"gfield_required gfield_required_asterisk\">*<\/span><\/span><\/legend><div class='ginput_container ginput_container_radio'><div class='gfield_radio' id='input_7_6'>\n\t\t\t<div class='gchoice gchoice_7_6_0'>\n\t\t\t\t\t<input class='gfield-choice-input' name='input_6' type='radio' value='Secondaire'  id='choice_7_6_0' onchange='gformToggleRadioOther( this )'    \/>\n\t\t\t\t\t<label for='choice_7_6_0' id='label_7_6_0' class='gform-field-label gform-field-label--type-inline'>Secondaire<\/label>\n\t\t\t<\/div>\n\t\t\t<div class='gchoice gchoice_7_6_1'>\n\t\t\t\t\t<input class='gfield-choice-input' name='input_6' type='radio' value='Sup\u00e9rieur'  id='choice_7_6_1' onchange='gformToggleRadioOther( this )'    \/>\n\t\t\t\t\t<label for='choice_7_6_1' id='label_7_6_1' class='gform-field-label gform-field-label--type-inline'>Sup\u00e9rieur<\/label>\n\t\t\t<\/div><\/div><\/div><\/fieldset><div id=\"field_7_5\" class=\"gfield gfield--type-text gfield--width-full gfield_contains_required field_sublabel_below gfield--no-description field_description_below field_validation_below gfield_visibility_visible\"  ><label class='gfield_label gform-field-label' for='input_7_5'>Nom de votre \u00e9tablissement scolaire<span class=\"gfield_required\"><span class=\"gfield_required gfield_required_asterisk\">*<\/span><\/span><\/label><div class='ginput_container ginput_container_text'><input name='input_5' id='input_7_5' type='text' value='' class='large'     aria-required=\"true\" aria-invalid=\"false\"   \/><\/div><\/div><fieldset id=\"field_7_8\" class=\"gfield gfield--type-radio gfield--type-choice gfield--width-full gfield_contains_required field_sublabel_below gfield--no-description field_description_below field_validation_below gfield_visibility_visible\"  ><legend class='gfield_label gform-field-label' >R\u00e9gion de votre \u00e9tablissement scolaire<span class=\"gfield_required\"><span class=\"gfield_required gfield_required_asterisk\">*<\/span><\/span><\/legend><div class='ginput_container ginput_container_radio'><div class='gfield_radio' id='input_7_8'>\n\t\t\t<div class='gchoice gchoice_7_8_0'>\n\t\t\t\t\t<input class='gfield-choice-input' name='input_8' type='radio' value='Zweckverband Region Aachen'  id='choice_7_8_0' onchange='gformToggleRadioOther( this )'    \/>\n\t\t\t\t\t<label for='choice_7_8_0' id='label_7_8_0' class='gform-field-label gform-field-label--type-inline'>Zweckverband Region Aachen<\/label>\n\t\t\t<\/div>\n\t\t\t<div class='gchoice gchoice_7_8_1'>\n\t\t\t\t\t<input class='gfield-choice-input' name='input_8' type='radio' value='Province de Li\u00e8ge'  id='choice_7_8_1' onchange='gformToggleRadioOther( this )'    \/>\n\t\t\t\t\t<label for='choice_7_8_1' id='label_7_8_1' class='gform-field-label gform-field-label--type-inline'>Province de Li\u00e8ge<\/label>\n\t\t\t<\/div>\n\t\t\t<div class='gchoice gchoice_7_8_2'>\n\t\t\t\t\t<input class='gfield-choice-input' name='input_8' type='radio' value='Province du Limbourg (B)'  id='choice_7_8_2' onchange='gformToggleRadioOther( this )'    \/>\n\t\t\t\t\t<label for='choice_7_8_2' id='label_7_8_2' class='gform-field-label gform-field-label--type-inline'>Province du Limbourg (B)<\/label>\n\t\t\t<\/div>\n\t\t\t<div class='gchoice gchoice_7_8_3'>\n\t\t\t\t\t<input class='gfield-choice-input' name='input_8' type='radio' value='Province du Limbourg (NL)'  id='choice_7_8_3' onchange='gformToggleRadioOther( this )'    \/>\n\t\t\t\t\t<label for='choice_7_8_3' id='label_7_8_3' class='gform-field-label gform-field-label--type-inline'>Province du Limbourg (NL)<\/label>\n\t\t\t<\/div>\n\t\t\t<div class='gchoice gchoice_7_8_4'>\n\t\t\t\t\t<input class='gfield-choice-input' name='input_8' type='radio' value='Communaut\u00e9 germanophone de Blegique'  id='choice_7_8_4' onchange='gformToggleRadioOther( this )'    \/>\n\t\t\t\t\t<label for='choice_7_8_4' id='label_7_8_4' class='gform-field-label gform-field-label--type-inline'>Communaut\u00e9 germanophone de Blegique<\/label>\n\t\t\t<\/div>\n\t\t\t<div class='gchoice gchoice_7_8_5'>\n\t\t\t\t\t<input class='gfield-choice-input' name='input_8' type='radio' value='Autre'  id='choice_7_8_5' onchange='gformToggleRadioOther( this )'    \/>\n\t\t\t\t\t<label for='choice_7_8_5' id='label_7_8_5' class='gform-field-label gform-field-label--type-inline'>Autre<\/label>\n\t\t\t<\/div><\/div><\/div><\/fieldset><fieldset id=\"field_7_10\" class=\"gfield gfield--type-checkbox gfield--type-choice gfield--width-full field_sublabel_below gfield--no-description field_description_below field_validation_below gfield_visibility_visible\"  ><legend class='gfield_label gform-field-label gfield_label_before_complex' >Bulletin d&#039;information<\/legend><div class='ginput_container ginput_container_checkbox'><div class='gfield_checkbox ' id='input_7_10'><div class='gchoice gchoice_7_10_1'>\n\t\t\t\t\t\t\t\t<input class='gfield-choice-input' name='input_10.1' type='checkbox'  value='Oui, je souhaite \u00eatre inform\u00e9 par e-mail de la disponibilit\u00e9 d&#039;une nouvelle formation en ligne.'  id='choice_7_10_1'   \/>\n\t\t\t\t\t\t\t\t<label for='choice_7_10_1' id='label_7_10_1' class='gform-field-label gform-field-label--type-inline'>Oui, je souhaite \u00eatre inform\u00e9 par e-mail de la disponibilit\u00e9 d&#8217;une nouvelle formation en ligne.<\/label>\n\t\t\t\t\t\t\t<\/div><\/div><\/div><\/fieldset><div id=\"field_7_7\" class=\"gfield gfield--type-captcha gfield--width-full field_sublabel_below gfield--no-description field_description_below hidden_label field_validation_below gfield_visibility_visible\"  ><label class='gfield_label gform-field-label' for='input_7_7'>Spam controle<\/label><div id='input_7_7' class='ginput_container ginput_recaptcha' data-sitekey='6LetLfUhAAAAAKNg-Tho3VQ0pjKyRiSwvuCoF2lo'  data-theme='light' data-tabindex='0'  data-badge=''><\/div><\/div><\/div><\/div>\n        <div class='gform-footer gform_footer top_label'> <input type='submit' id='gform_submit_button_7' class='gform_button button' onclick='gform.submission.handleButtonClick(this);' data-submission-type='submit' value='Valider'  \/> <input type='hidden' name='gform_ajax' value='form_id=7&amp;title=&amp;description=&amp;tabindex=0&amp;theme=gravity-theme&amp;styles=[]&amp;hash=edcc87fb71ce65f1c69335b3efa1b721' \/>\n            <input type='hidden' class='gform_hidden' name='gform_submission_method' data-js='gform_submission_method_7' value='iframe' \/>\n            <input type='hidden' class='gform_hidden' name='gform_theme' data-js='gform_theme_7' id='gform_theme_7' value='gravity-theme' \/>\n            <input type='hidden' class='gform_hidden' name='gform_style_settings' data-js='gform_style_settings_7' id='gform_style_settings_7' value='[]' \/>\n            <input type='hidden' class='gform_hidden' name='is_submit_7' value='1' \/>\n            <input type='hidden' class='gform_hidden' name='gform_submit' value='7' \/>\n            \n            <input type='hidden' class='gform_hidden' name='gform_currency' data-currency='EUR' value='3tlCVzgZk5Y1OTLlmZ9uTXJdFUVSw71iKbBgPj50xz4d7juxj\/MfVQ38nNDZqg9s03N\/jMG93iD5jjD27PUByYTSLVuLk04jn4KuZY3KIjbX41A=' \/>\n            <input type='hidden' class='gform_hidden' name='gform_unique_id' value='' \/>\n            <input type='hidden' class='gform_hidden' name='state_7' value='WyJ7XCI0XCI6W1wiYTc3Y2M2MzViYjZiZTJjYWJkNDM5Y2ZjOWY0MmMzZTNcIixcIjg2ZmNiNzFkMmE4NDEwYmQ5NDE2MjZiNzJjYThlNDRiXCIsXCI0YzdjODdmNzc3YWMwNDI2YzI1NzNkZmZmYzg4N2Y4ZlwiXSxcIjZcIjpbXCJmOGQwZDg4MTkzODBjNGYxZGU1YmViYWQ2MTA2Y2ZhM1wiLFwiNjFhODVhM2Y3NmE5MWIzNzEzZmY5OTNjMDdkMmEyODVcIl0sXCI4XCI6W1wiMzFiNGZlYTU1YmVlZmNiMzkwN2VjYWZlOWJmZDcyZWFcIixcIjFmOTkzNTg0MzJkOGM2MTcyMzJmMGIzYWM2ZTEwZGEzXCIsXCI4ZTEzN2ZiNTAzZTQwOTQzOWQ4YjVjZWFiMjlhYjA2OFwiLFwiZTM1M2MwOWNiZDYyOThhYjdkNTQ5MDAxZGE1NWJjYTJcIixcImUzODFkNDllNWExMmIwOTAxMWVhYWMxMjBjZjk1ZDhiXCIsXCI0YzdjODdmNzc3YWMwNDI2YzI1NzNkZmZmYzg4N2Y4ZlwiXSxcIjEwLjFcIjpcIjExNWMwZTQ1YmE2OGMxMTc0YjRhMWVjYzA1MTJmODRiXCJ9IiwiZDJhMDZjOGRmYzdlZjRlMjkwMzlkY2IyNDkxMmRiMjciXQ==' \/>\n            <input type='hidden' autocomplete='off' class='gform_hidden' name='gform_target_page_number_7' id='gform_target_page_number_7' value='0' \/>\n            <input type='hidden' autocomplete='off' class='gform_hidden' name='gform_source_page_number_7' id='gform_source_page_number_7' value='1' \/>\n            <input type='hidden' name='gform_field_values' value='' \/>\n            \n        <\/div>\n                        <\/form>\n                        <\/div>\n\t\t                <iframe style='display:none;width:0px;height:0px;' src='about:blank' name='gform_ajax_frame_7' id='gform_ajax_frame_7' title='Cette iframe contient la logique n\u00e9cessaire pour manipuler Gravity Forms avec Ajax.'><\/iframe>\n\t\t                <script>\ngform.initializeOnLoaded( function() {gformInitSpinner( 7, 'https:\/\/emr-skills4you.eu\/wp-content\/plugins\/gravityforms\/images\/spinner.svg', true );jQuery('#gform_ajax_frame_7').on('load',function(){var contents = jQuery(this).contents().find('*').html();var is_postback = contents.indexOf('GF_AJAX_POSTBACK') >= 0;if(!is_postback){return;}var form_content = jQuery(this).contents().find('#gform_wrapper_7');var is_confirmation = jQuery(this).contents().find('#gform_confirmation_wrapper_7').length > 0;var is_redirect = contents.indexOf('gformRedirect(){') >= 0;var is_form = form_content.length > 0 && ! is_redirect && ! is_confirmation;var mt = parseInt(jQuery('html').css('margin-top'), 10) + parseInt(jQuery('body').css('margin-top'), 10) + 100;if(is_form){form_content.find('form').css('opacity', 0);jQuery('#gform_wrapper_7').html(form_content.html());if(form_content.hasClass('gform_validation_error')){jQuery('#gform_wrapper_7').addClass('gform_validation_error');} else {jQuery('#gform_wrapper_7').removeClass('gform_validation_error');}setTimeout( function() { \/* delay the scroll by 50 milliseconds to fix a bug in chrome *\/ jQuery(document).scrollTop(jQuery('#gform_wrapper_7').offset().top - mt); }, 50 );if(window['gformInitDatepicker']) {gformInitDatepicker();}if(window['gformInitPriceFields']) {gformInitPriceFields();}var current_page = jQuery('#gform_source_page_number_7').val();gformInitSpinner( 7, 'https:\/\/emr-skills4you.eu\/wp-content\/plugins\/gravityforms\/images\/spinner.svg', true );jQuery(document).trigger('gform_page_loaded', [7, current_page]);window['gf_submitting_7'] = false;}else if(!is_redirect){var confirmation_content = jQuery(this).contents().find('.GF_AJAX_POSTBACK').html();if(!confirmation_content){confirmation_content = contents;}jQuery('#gform_wrapper_7').replaceWith(confirmation_content);jQuery(document).scrollTop(jQuery('#gf_7').offset().top - mt);jQuery(document).trigger('gform_confirmation_loaded', [7]);window['gf_submitting_7'] = false;wp.a11y.speak(jQuery('#gform_confirmation_message_7').text());}else{jQuery('#gform_7').append(contents);if(window['gformRedirect']) {gformRedirect();}}jQuery(document).trigger(\"gform_pre_post_render\", [{ formId: \"7\", currentPage: \"current_page\", abort: function() { this.preventDefault(); } }]);        if (event && event.defaultPrevented) {                return;        }        const gformWrapperDiv = document.getElementById( \"gform_wrapper_7\" );        if ( gformWrapperDiv ) {            const visibilitySpan = document.createElement( \"span\" );            visibilitySpan.id = \"gform_visibility_test_7\";            gformWrapperDiv.insertAdjacentElement( \"afterend\", visibilitySpan );        }        const visibilityTestDiv = document.getElementById( \"gform_visibility_test_7\" );        let postRenderFired = false;        function triggerPostRender() {            if ( postRenderFired ) {                return;            }            postRenderFired = true;            gform.core.triggerPostRenderEvents( 7, current_page );            if ( visibilityTestDiv ) {                visibilityTestDiv.parentNode.removeChild( visibilityTestDiv );            }        }        function debounce( func, wait, immediate ) {            var timeout;            return function() {                var context = this, args = arguments;                var later = function() {                    timeout = null;                    if ( !immediate ) func.apply( context, args );                };                var callNow = immediate && !timeout;                clearTimeout( timeout );                timeout = setTimeout( later, wait );                if ( callNow ) func.apply( context, args );            };        }        const debouncedTriggerPostRender = debounce( function() {            triggerPostRender();        }, 200 );        if ( visibilityTestDiv && visibilityTestDiv.offsetParent === null ) {            const observer = new MutationObserver( ( mutations ) => {                mutations.forEach( ( mutation ) => {                    if ( mutation.type === 'attributes' && visibilityTestDiv.offsetParent !== null ) {                        debouncedTriggerPostRender();                        observer.disconnect();                    }                });            });            observer.observe( document.body, {                attributes: true,                childList: false,                subtree: true,                attributeFilter: [ 'style', 'class' ],            });        } else {            triggerPostRender();        }    } );} );\n<\/script>\n<\/p>\t\t\t\t\t\t\t\t<\/div>\n\t\t\t\t<\/div>\n\t\t\t\t\t<\/div>\n\t\t<\/div>\n\t\t\t\t\t<\/div>\n\t\t<\/section>\n\t\t\t\t<\/div>\n\t\t","protected":false},"excerpt":{"rendered":"<p>Inscription pour obtenir vos acc\u00e8s Vous pouvez vous inscrire via ce formulaire. Vous recevrez ensuite vos informations de connexion avec lesquelles vous pourrez vous connecter au site Web.<\/p>\n","protected":false},"author":2,"featured_media":0,"parent":0,"menu_order":0,"comment_status":"closed","ping_status":"closed","template":"","meta":{"_acf_changed":false,"inline_featured_image":false,"footnotes":""},"class_list":["post-713","page","type-page","status-publish","hentry"],"acf":[],"_links":{"self":[{"href":"https:\/\/emr-skills4you.eu\/fr\/wp-json\/wp\/v2\/pages\/713","targetHints":{"allow":["GET"]}}],"collection":[{"href":"https:\/\/emr-skills4you.eu\/fr\/wp-json\/wp\/v2\/pages"}],"about":[{"href":"https:\/\/emr-skills4you.eu\/fr\/wp-json\/wp\/v2\/types\/page"}],"author":[{"embeddable":true,"href":"https:\/\/emr-skills4you.eu\/fr\/wp-json\/wp\/v2\/users\/2"}],"replies":[{"embeddable":true,"href":"https:\/\/emr-skills4you.eu\/fr\/wp-json\/wp\/v2\/comments?post=713"}],"version-history":[{"count":5,"href":"https:\/\/emr-skills4you.eu\/fr\/wp-json\/wp\/v2\/pages\/713\/revisions"}],"predecessor-version":[{"id":1543,"href":"https:\/\/emr-skills4you.eu\/fr\/wp-json\/wp\/v2\/pages\/713\/revisions\/1543"}],"wp:attachment":[{"href":"https:\/\/emr-skills4you.eu\/fr\/wp-json\/wp\/v2\/media?parent=713"}],"curies":[{"name":"wp","href":"https:\/\/api.w.org\/{rel}","templated":true}]}}